{"id":3187,"date":"2025-07-04T13:16:46","date_gmt":"2025-07-04T11:16:46","guid":{"rendered":"https:\/\/dankuechenmondsee.at\/?page_id=3187"},"modified":"2025-10-04T10:47:50","modified_gmt":"2025-10-04T08:47:50","slug":"barrierefreiheit","status":"publish","type":"page","link":"https:\/\/dankuechenmondsee.at\/?page_id=3187","title":{"rendered":"Barrierefreiheit"},"content":{"rendered":"<h1 class=\"wp-block-post-title\">Barrierefreiheit<\/h1>\n\n\n<p><\/p>\n\n\n\n<h2 class=\"wp-block-heading\">Erkl\u00e4rung zur Barrierefreiheit<\/h2>\n\n\n\n<p>Wir bem\u00fchen uns, unsere Website im Einklang mit dem Bundesgesetz \u00fcber den barrierefreien Zugang zu Websites und mobilen Anwendungen des Bundes BGBl. I. Nr. 59\/2019 idgF, barrierefrei zug\u00e4nglich zu machen.<\/p>\n\n\n\n<p>Diese Erkl\u00e4rung zur Barrierefreiheit gilt f\u00fcr die Website <a href=\"https:\/\/dankuechenmondsee.at\" data-type=\"link\" data-id=\"dankuechenmondsee.at\">dan.at<\/a>.<\/p>\n\n\n\n<h3 class=\"wp-block-heading\">Stand der Vereinbarkeit mit den Anforderungen<\/h3>\n\n\n\n<p>Diese Website ist mit der Konformit\u00e4tsstufe AA der \u201eRichtlinien f\u00fcr barrierefreie Webinhalte \u2013&nbsp;WCAG&nbsp;2.2\u201c beziehungsweise mit dem geltenden Europ\u00e4ischen Standard EN 301 549 nach der Richtlinie (EU) 2016\/2102 des Europ\u00e4ischen Parlaments und des Rates vollst\u00e4ndig vereinbar.<\/p>\n\n\n\n<h3 class=\"wp-block-heading\">Erstellung der Erkl\u00e4rung zur Barrierefreiheit<\/h3>\n\n\n\n<p>Diese Erkl\u00e4rung wurde im Juni 2025 erstellt.<\/p>\n\n\n\n<p>Die Erkl\u00e4rung wurde auf Grundlage einer von DANK\u00dcCHEN M\u00f6belfabrik M. Danzer GmbH durchgef\u00fchrten Selbstbewertung erstellt.<\/p>\n\n\n\n<p>Diese Erkl\u00e4rung wurde zuletzt im Juni 2025 \u00fcberpr\u00fcft.<\/p>\n\n\n\n<h3 class=\"wp-block-heading\">Feedback und Kontaktangaben<\/h3>\n\n\n\n<p>Wir arbeiten laufend daran, diese Webseite barrierefrei zu halten und freuen uns \u00fcber jeden Hinweis, sollte uns das irgendwo nicht gelingen. Dazu stellen wir folgende Mailaddresse f\u00fcr Hinweise, R\u00fcckmeldungen und Verbesserungsvorschl\u00e4ge bereit: <a href=\"mailto:service@dankuechenmondsee.at\">service@dankuechenmondsee.at<\/a><\/p>\n\n\n\n<p><\/p>\n","protected":false},"excerpt":{"rendered":"<p>Erkl\u00e4rung zur Barrierefreiheit Wir bem\u00fchen uns, unsere Website im Einklang mit dem Bundesgesetz \u00fcber den barrierefreien Zugang zu Websites und mobilen Anwendungen des Bundes BGBl. I. Nr. 59\/2019 idgF, barrierefrei zug\u00e4nglich zu machen. Diese Erkl\u00e4rung zur Barrierefreiheit gilt f\u00fcr die Website dan.at. Stand der Vereinbarkeit mit den Anforderungen Diese Website ist mit der Konformit\u00e4tsstufe AA [&#8230;]\n","protected":false},"author":10,"featured_media":0,"parent":0,"menu_order":0,"comment_status":"closed","ping_status":"closed","template":"","meta":{"footnotes":""},"class_list":["post-3187","page","type-page","status-publish","hentry"],"_links":{"self":[{"href":"https:\/\/dankuechenmondsee.at\/index.php?rest_route=\/wp\/v2\/pages\/3187","targetHints":{"allow":["GET"]}}],"collection":[{"href":"https:\/\/dankuechenmondsee.at\/index.php?rest_route=\/wp\/v2\/pages"}],"about":[{"href":"https:\/\/dankuechenmondsee.at\/index.php?rest_route=\/wp\/v2\/types\/page"}],"author":[{"embeddable":true,"href":"https:\/\/dankuechenmondsee.at\/index.php?rest_route=\/wp\/v2\/users\/10"}],"replies":[{"embeddable":true,"href":"https:\/\/dankuechenmondsee.at\/index.php?rest_route=%2Fwp%2Fv2%2Fcomments&post=3187"}],"version-history":[{"count":7,"href":"https:\/\/dankuechenmondsee.at\/index.php?rest_route=\/wp\/v2\/pages\/3187\/revisions"}],"predecessor-version":[{"id":4146,"href":"https:\/\/dankuechenmondsee.at\/index.php?rest_route=\/wp\/v2\/pages\/3187\/revisions\/4146"}],"wp:attachment":[{"href":"https:\/\/dankuechenmondsee.at\/index.php?rest_route=%2Fwp%2Fv2%2Fmedia&parent=3187"}],"curies":[{"name":"wp","href":"https:\/\/api.w.org\/{rel}","templated":true}]}}