{"id":564,"date":"2024-12-05T18:37:18","date_gmt":"2024-12-05T17:37:18","guid":{"rendered":"http:\/\/dan.studio.www624.your-server.de\/?page_id=564"},"modified":"2025-10-30T11:01:23","modified_gmt":"2025-10-30T10:01:23","slug":"pflegeanleitung","status":"publish","type":"page","link":"https:\/\/dankuechenmondsee.at\/?page_id=564","title":{"rendered":"Pflegeanleitung"},"content":{"rendered":"\n\n  <div class=\"banner has-hover\" id=\"banner-1254261052\">\n          <div class=\"banner-inner fill\">\n        <div class=\"banner-bg fill\" >\n                                                \n                    <\/div>\n\t\t\n        <div class=\"banner-layers container\">\n            <div class=\"fill banner-link\"><\/div>            \n\n   <div id=\"text-box-249349220\" class=\"text-box banner-layer x50 md-x50 lg-x50 y80 md-y70 lg-y65 res-text\">\n                                <div class=\"text-box-content text dark\">\n              \n              <div class=\"text-inner text-center\">\n                  \n\n\t<div id=\"text-1401516772\" class=\"text\">\n\t\t\n\n<div class=\"container\">\n<h1 class=\"uppercase\" style=\"font-size: 2em;font-weight: bolder;margin-top: 0.2em;margin-bottom: 0.2em\">Pflegeanleitung f\u00fcr ihre DAN-K\u00fcche<\/h1>\n<h2 style=\"margin-top: 1em;margin-bottom: 1em;font-size: 1em\">Tipps &amp; Tricks f\u00fcr dauerhafte Freude mit Ihrer DAN-K\u00fcche.&nbsp;<!-- notionvc: f833d715-4e50-4e5a-8c65-5771fe0bb293 --><\/h2>\n<\/div>\n\n\t\t\n<style>\n#text-1401516772 {\n  text-align: left;\n}\n<\/style>\n\t<\/div>\n\t\n\n              <\/div>\n           <\/div>\n                            \n<style>\n#text-box-249349220 {\n  width: 80%;\n}\n#text-box-249349220 .text-box-content {\n  font-size: 100%;\n}\n@media (min-width:550px) {\n  #text-box-249349220 {\n    width: 63%;\n  }\n}\n@media (min-width:850px) {\n  #text-box-249349220 {\n    width: 100%;\n  }\n}\n<\/style>\n    <\/div>\n \n\n        <\/div>\n      <\/div>\n\n            \n<style>\n#banner-1254261052 {\n  padding-top: 309px;\n  background-color: #162b41;\n}\n@media (min-width:550px) {\n  #banner-1254261052 {\n    padding-top: 448px;\n  }\n}\n<\/style>\n  <\/div>\n\n\n<div class=\"container section-title-container\" ><h2 class=\"section-title section-title-normal\"><b aria-hidden=\"true\"><\/b><span class=\"section-title-main\" >Allgemeine Pflegehinweise<\/span><b aria-hidden=\"true\"><\/b><\/h2><\/div>\n\n<div class=\"row\"  id=\"row-558756984\">\n\n\n\t<div id=\"col-57667737\" class=\"col small-12 large-12\"  >\n\t\t\t\t<div class=\"col-inner\"  >\n\t\t\t\n\t\t\t\n\n<p>Damit Ihnen Ihre neue DAN-K\u00fcche lange Freude bereitet, sind einige Punkte zu beachten.<\/p>\n<ul class=\"wp-block-list\">\n<li>Zur Reinigung der gesamten K\u00fcche reicht meist eine milde Seifenlauge.<\/li>\n<li>Verwenden Sie keine s\u00e4urehaltigen Reinigungsmittel oder Reinigungsmittel auf Alkohol- oder L\u00f6semittelbasis.<\/li>\n<li><strong>Keine scheuernden Reinigungsmittel verwenden!<\/strong><\/li>\n<li>Bei der Verwendung von M\u00f6belpflegemitteln&nbsp;<strong>immer Gebrauchsanweisung und Dosiermenge beachten!&nbsp;<\/strong>Mit Wasser oder sonstigen Reinigungsmitteln immer sparsam umgehen.<\/li>\n<li><strong>Trockenwischen!<\/strong>&nbsp;Besonders bei Massivholzfronten kann bei konstruktionsbedingten Fugen Wasser eindringen und ein Aufquellen oder Verf\u00e4rben des Holzes verursachen. Daher&nbsp;<strong>Wasser oder Reinigungsmittel immer auf ein Reinigungstuch geben und nicht direkt auf die Front spr\u00fchen!<\/strong><\/li>\n<li>Einige M\u00f6belpflegemittel beinhalten Wachse und sonstige Inhaltsstoffe, die bei falscher Dosierung eine Schicht bilden, die mit der Zeit einen Grauschleier entstehen lassen oder sonstige Verf\u00e4rbungen der Oberfl\u00e4che hervorrufen k\u00f6nnen. Hartn\u00e4ckige Verschmutzungen z.B. von stark f\u00e4rbenden Lebensmitteln lassen sich mit speziellen Kunststoffreinigern und Mikrofasert\u00fcchern entfernen. Der Glanzgrad kann sich je nach Reinigungsmittel und Oberfl\u00e4chenbeschaffenheit leicht ver\u00e4ndern. Daher&nbsp;<strong>Fronten immer vollfl\u00e4chig reinigen!<\/strong><\/li>\n<\/ul>\n\n\t\t<\/div>\n\t\t\t\t\t<\/div>\n\n\t\n\n<\/div>\n<div class=\"row\"  id=\"row-2141989073\">\n\n\n\t<div id=\"col-587849562\" class=\"col medium-6 small-12 large-6\"  >\n\t\t\t\t<div class=\"col-inner\"  >\n\t\t\t\n\t\t\t\n\n<h2>Matte K\u00fcchenfronten<\/h2>\n<p>Die matten K\u00fcchenfronten sollten bei Verschmutzungen mit Wasser oder mit einer verd\u00fcnnten Seifenlauge gereinigt werden. Dazu empfehlen wir ein geeignetes hochwertiges Microfasertuch, das f\u00fcr Lacke verwendet werden soll.&nbsp;Vor der Reinigung der matten Fronten, entfernen Sie am besten zun\u00e4chst die feinen Staubpartikel. Das gelingt Ihnen am Einfachsten mit einem sauberen Baumwolltuch.<\/p>\n\n\t\t<\/div>\n\t\t\t\t\t<\/div>\n\n\t\n\n\t<div id=\"col-1891123724\" class=\"col medium-6 small-12 large-6\"  >\n\t\t\t\t<div class=\"col-inner\"  >\n\t\t\t\n\t\t\t\n\n\t<div class=\"img has-hover x md-x lg-x y md-y lg-y\" id=\"image_1521375052\">\n\t\t\t\t\t\t\t\t<div class=\"img-inner dark\" >\n\t\t\t<img loading=\"lazy\" decoding=\"async\" width=\"855\" height=\"600\" src=\"https:\/\/dankuechenmondsee.at\/wp-content\/uploads\/2024\/12\/Dankuechen_Pflegeanleitung_Kuechen_Schiefer_Supermatt_Lack_Rahmenfront-1.jpg\" class=\"attachment-large size-large\" alt=\"K\u00fcche Detail Manhattan Grau Modell Classico\" srcset=\"https:\/\/dankuechenmondsee.at\/wp-content\/uploads\/2024\/12\/Dankuechen_Pflegeanleitung_Kuechen_Schiefer_Supermatt_Lack_Rahmenfront-1.jpg 855w, https:\/\/dankuechenmondsee.at\/wp-content\/uploads\/2024\/12\/Dankuechen_Pflegeanleitung_Kuechen_Schiefer_Supermatt_Lack_Rahmenfront-1-570x400.jpg 570w, https:\/\/dankuechenmondsee.at\/wp-content\/uploads\/2024\/12\/Dankuechen_Pflegeanleitung_Kuechen_Schiefer_Supermatt_Lack_Rahmenfront-1-768x539.jpg 768w\" sizes=\"auto, (max-width: 855px) 100vw, 855px\" \/>\t\t\t\t\t\t\n\t\t\t\t\t<\/div>\n\t\t\t\t\t\t\t\t\n<style>\n#image_1521375052 {\n  width: 100%;\n}\n<\/style>\n\t<\/div>\n\t\n\n\n\t\t<\/div>\n\t\t\t\t\t<\/div>\n\n\t\n\n<\/div>\n<div class=\"row\"  id=\"row-1487551404\">\n\n\n\t<div id=\"col-724718819\" class=\"col medium-6 small-12 large-6\"  >\n\t\t\t\t<div class=\"col-inner\"  >\n\t\t\t\n\t\t\t\n\n\t<div class=\"img has-hover x md-x lg-x y md-y lg-y\" id=\"image_703571285\">\n\t\t\t\t\t\t\t\t<div class=\"img-inner dark\" >\n\t\t\t<img loading=\"lazy\" decoding=\"async\" width=\"855\" height=\"600\" src=\"https:\/\/dankuechenmondsee.at\/wp-content\/uploads\/2024\/12\/Dankuechen_Pflegeanleitung_Kuechen_Anti-Finger-Print-Front.jpg\" class=\"attachment-large size-large\" alt=\"K\u00fcche Pflegeanleitung Anti Finger Print\" srcset=\"https:\/\/dankuechenmondsee.at\/wp-content\/uploads\/2024\/12\/Dankuechen_Pflegeanleitung_Kuechen_Anti-Finger-Print-Front.jpg 855w, https:\/\/dankuechenmondsee.at\/wp-content\/uploads\/2024\/12\/Dankuechen_Pflegeanleitung_Kuechen_Anti-Finger-Print-Front-570x400.jpg 570w, https:\/\/dankuechenmondsee.at\/wp-content\/uploads\/2024\/12\/Dankuechen_Pflegeanleitung_Kuechen_Anti-Finger-Print-Front-768x539.jpg 768w\" sizes=\"auto, (max-width: 855px) 100vw, 855px\" \/>\t\t\t\t\t\t\n\t\t\t\t\t<\/div>\n\t\t\t\t\t\t\t\t\n<style>\n#image_703571285 {\n  width: 100%;\n}\n<\/style>\n\t<\/div>\n\t\n\n\n\t\t<\/div>\n\t\t\t\t\t<\/div>\n\n\t\n\n\t<div id=\"col-381826056\" class=\"col medium-6 small-12 large-6\"  >\n\t\t\t\t<div class=\"col-inner\"  >\n\t\t\t\n\t\t\t\n\n<h2>Anti-Finger-Print Fronten&nbsp;<\/h2>\n<p>Die&nbsp;Anti-Finger-Print Fronten sind sehr pflegeleicht: Sie brauchen nur ein feuchtes Tuch mit warmem Wasser und je nach Bedarf ein mildes Reinigunsmittel.&nbsp;Bei einer regelm\u00e4\u00dfigen Pflege k\u00f6nnen Sie ganz einfach einen Fensterreiniger verwenden.&nbsp; Achten Sie darauf, dass Sie keinen Reinigungsschwamm oder sonstige scheuernde Hilfsmittel&nbsp;verwenden.<\/p>\n\n\t\t<\/div>\n\t\t\t\t\t<\/div>\n\n\t\n\n<\/div>\n<div class=\"row\"  id=\"row-1898195830\">\n\n\n\t<div id=\"col-986781275\" class=\"col medium-6 small-12 large-6\"  >\n\t\t\t\t<div class=\"col-inner\"  >\n\t\t\t\n\t\t\t\n\n<h2>Hochglanzfronten<\/h2>\n<p>Die Reinigung sollte ausschlie\u00dflich mit einem weichen und feuchten Tuch, mit einer L\u00f6sung aus 1 Teil fl\u00fcssiger Seife und 100 Teilen Wasser, erfolgen. Am besten reinigen Sie die Fronten von links nach rechts oder von oben nach unten, kreisende Bewegungen sollten Sie vermeiden. Metallteile d\u00fcrfen keinesfalls mit Scheuermitteln bzw. mit scheuernden Reinigungsschw\u00e4mmen usw. behandelt werden.<\/p>\n\n\t\t<\/div>\n\t\t\t\t\t<\/div>\n\n\t\n\n\t<div id=\"col-59022641\" class=\"col medium-6 small-12 large-6\"  >\n\t\t\t\t<div class=\"col-inner\"  >\n\t\t\t\n\t\t\t\n\n\t<div class=\"img has-hover x md-x lg-x y md-y lg-y\" id=\"image_864273250\">\n\t\t\t\t\t\t\t\t<div class=\"img-inner dark\" >\n\t\t\t<img loading=\"lazy\" decoding=\"async\" width=\"855\" height=\"600\" src=\"https:\/\/dankuechenmondsee.at\/wp-content\/uploads\/2024\/12\/Dankuechen_Pflegeanleitung_Kuechen_Hochglanzfronten.jpg\" class=\"attachment-large size-large\" alt=\"K\u00fcche Detail wei\u00dfe K\u00fcche\" srcset=\"https:\/\/dankuechenmondsee.at\/wp-content\/uploads\/2024\/12\/Dankuechen_Pflegeanleitung_Kuechen_Hochglanzfronten.jpg 855w, https:\/\/dankuechenmondsee.at\/wp-content\/uploads\/2024\/12\/Dankuechen_Pflegeanleitung_Kuechen_Hochglanzfronten-570x400.jpg 570w, https:\/\/dankuechenmondsee.at\/wp-content\/uploads\/2024\/12\/Dankuechen_Pflegeanleitung_Kuechen_Hochglanzfronten-768x539.jpg 768w\" sizes=\"auto, (max-width: 855px) 100vw, 855px\" \/>\t\t\t\t\t\t\n\t\t\t\t\t<\/div>\n\t\t\t\t\t\t\t\t\n<style>\n#image_864273250 {\n  width: 100%;\n}\n<\/style>\n\t<\/div>\n\t\n\n\n\t\t<\/div>\n\t\t\t\t\t<\/div>\n\n\t\n\n<\/div>\n<div class=\"row\"  id=\"row-693712040\">\n\n\n\t<div id=\"col-1409948845\" class=\"col medium-6 small-12 large-6\"  >\n\t\t\t\t<div class=\"col-inner\"  >\n\t\t\t\n\t\t\t\n\n<h2>Compactplatten<\/h2>\n<p>Die Pflege-Anleitung zur Compact Platte finden sie&nbsp;<a href=\"https:\/\/dankuechenmondsee.at\/wp-content\/uploads\/2025\/01\/PR.013_Arbeitsplatten-Verarbeitungsrichtlinie_Broschuere_DE.pdf\"><strong>hier<\/strong>.<\/a><\/p>\n\n\t\t<\/div>\n\t\t\t\t\t<\/div>\n\n\t\n\n<\/div>\n<div class=\"container section-title-container\" ><h3 class=\"section-title section-title-normal\"><b aria-hidden=\"true\"><\/b><span class=\"section-title-main\" >Weitere Pflegehinweise<\/span><b aria-hidden=\"true\"><\/b><\/h3><\/div>\n\n<div class=\"row\"  id=\"row-1343694077\">\n\n\n\t<div id=\"col-615057866\" class=\"col small-12 large-12\"  >\n\t\t\t\t<div class=\"col-inner\"  >\n\t\t\t\n\t\t\t\n\n<h3 class=\"wp-block-heading\">Aluglasrahmen<\/h3>\n<p>Die Glasfront nur mit einem feuchten Tuch abwischen. Keinesfalls das Glas bespr\u00fchen, da die Gefahr des Eindringens von Reinigungsmitteln zwischen Glas und Alurahmen besteht.<\/p>\n<h3 class=\"wp-block-heading\">Metallgriffe<\/h3>\n<p>Geeignete Reinigungs- und Pflegemittel werden im Handel angeboten.<\/p>\n<h3 class=\"wp-block-heading\">Dampfreinigungsger\u00e4te<\/h3>\n<p>Bei der Verwendung von Dampfreinigungsger\u00e4ten besteht die Gefahr des Eindringens von Wasserdampf in Holzteile. Aus diesem Grund ist von der Verwendung von Dampfreinigungsger\u00e4ten im K\u00fcchenbereich generell abzuraten. Holzfronten und sonstige Holzteile d\u00fcrfen nicht bedampft werden.<\/p>\n<h3 class=\"wp-block-heading\">Raumklima<\/h3>\n<p>So wie der Mensch sich nur in einem gesunden Raumklima wohlf\u00fchlen kann, braucht auch ein M\u00f6belst\u00fcck eine gesunde Umgebung. Besonders wichtig ist hierbei die richtige Luftfeuchtigkeit. Sie sollte ca. bei 50 % relativer Luftfeuchtigkeit liegen. Zu hohe Luftfeuchtigkeit f\u00fchrt zu einem Aufquellen des Holzes. Zu niedrige Luftfeuchtigkeit f\u00fchrt zu einem Schwinden des Holzes. Dadurch k\u00f6nnen Risse entstehen bzw. Fronten k\u00f6nnen sich verziehen.<\/p>\n<h3 class=\"wp-block-heading\">Richtiger Umgang<\/h3>\n<p>Die zum Erstellen einer DAN K\u00fcche notwendigen Materialien unterliegen einer dauernden Qualit\u00e4tspr\u00fcfung und entsprechen den internationalen Normen f\u00fcr K\u00fcchenm\u00f6bel.<\/p>\n<p><strong>Einige Punkte sind jedoch zu beachten.&nbsp;<\/strong><\/p>\n<ul class=\"wp-block-list\">\n<li>Achten Sie auf fachm\u00e4nnisch montierte Elektroger\u00e4te.<\/li>\n<li>Die Plattenausschnitte m\u00fcssen ordentlich versiegelt werden.<\/li>\n<li>Falsch montierte Strahler bilden eine Brandgefahr.<\/li>\n<li>Kaputte oder nicht sachgem\u00e4\u00df montierte Elektroger\u00e4te, wie Geschirrsp\u00fcler oder Herde k\u00f6nnen Arbeitsplatten oder Fronten zerst\u00f6ren.<\/li>\n<li>Die Kunststoffoberfl\u00e4che einer Arbeitsplatte h\u00e4lt einer Temperatur bis ca. 140\u00b0 C stand. Bedenken Sie jedoch, dass der Kochtopf eine Temperatur von 400\u00b0 C und dar\u00fcber erreicht. Diese Temperatur f\u00fchrt zwangsl\u00e4ufig zur Zerst\u00f6rung der Kunststoffoberfl\u00e4che. Ben\u00fctzen Sie deshalb immer eine Topfunterlage, wenn Sie einen hei\u00dfen Topf vom Herd auf die Arbeitsplatte stellen.<\/li>\n<li>Stellen Sie nie einen hei\u00dfen Kochtopf auf eine feuchte Arbeitsplatte.<\/li>\n<li>Obwohl&nbsp;die Oberfl\u00e4che einer Arbeitsplatte sehr hart und widerstandsf\u00e4hig ist, darf niemals direkt auf der Platte mit Messern oder sonstigen scharfen Gegenst\u00e4nden gearbeitet werden.<\/li>\n<li>Wasseransammlungen, speziell im Sto\u00dfbereich der Arbeitsplatte sind zu vermeiden!<\/li>\n<\/ul>\n<h3 class=\"wp-block-heading\">Selbstreinigende Herde<\/h3>\n<p>Da bei manchen Herden bei der Selbstreinigung sehr hohe Temperaturen (lt. Herstellerangabe bis zu 500\u00b0 C) auftreten, ist es unbedingt notwendig, dass die an das Ger\u00e4t angrenzenden Fronten w\u00e4hrend des Reinigungsvorgangs und des Abk\u00fchlens ge\u00f6ffnet werden.<\/p>\n<h3 class=\"wp-block-heading\">Entkalker<\/h3>\n<p>Besondere Vorsicht ist beim Umgang mit Entkalker, wie sie z.B. f\u00fcr Kaffee- und Espressomaschinen verwendet werden, anzuwenden. Versch\u00fcttete Entkalker k\u00f6nnen die Oberfl\u00e4che von Arbeitsplatten, Ablagefl\u00e4chen und Fronten zerst\u00f6ren. Unbedingt sofort abwischen!<\/p>\n<h3 class=\"wp-block-heading\">Garantiebestimmungen<\/h3>\n<p>Bitte beachten Sie, dass bei Nichteinhaltung unserer Montage- und Pflegeanleitung bzw. der Vorschriften der Ger\u00e4tehersteller, jeglicher Garantieanspruch erlischt!<\/p>\n<p>Weiters finden Sie <a href=\"http:\/\/dan.studio.www624.your-server.de\/wp-content\/uploads\/2024\/12\/PFLEGEANLEITUNG.pdf\">hier<\/a> zum Download eine Pflegeanleitung f\u00fcr M\u00f6belfronten und Oberfl\u00e4chen mit hochgl\u00e4nzender Acrylbeschichtung mit Ultra Gloss Superpolish+DGS (GILT NICHT F\u00dcR LACKFRONTEN!)<\/p>\n\n\t\t<\/div>\n\t\t\t\t\t<\/div>\n\n\t\n\n<\/div>\n\n\n\n<p><\/p>\n","protected":false},"excerpt":{"rendered":"","protected":false},"author":1,"featured_media":0,"parent":0,"menu_order":0,"comment_status":"closed","ping_status":"closed","template":"page-transparent-header-light.php","meta":{"footnotes":""},"class_list":["post-564","page","type-page","status-publish","hentry"],"_links":{"self":[{"href":"https:\/\/dankuechenmondsee.at\/index.php?rest_route=\/wp\/v2\/pages\/564","targetHints":{"allow":["GET"]}}],"collection":[{"href":"https:\/\/dankuechenmondsee.at\/index.php?rest_route=\/wp\/v2\/pages"}],"about":[{"href":"https:\/\/dankuechenmondsee.at\/index.php?rest_route=\/wp\/v2\/types\/page"}],"author":[{"embeddable":true,"href":"https:\/\/dankuechenmondsee.at\/index.php?rest_route=\/wp\/v2\/users\/1"}],"replies":[{"embeddable":true,"href":"https:\/\/dankuechenmondsee.at\/index.php?rest_route=%2Fwp%2Fv2%2Fcomments&post=564"}],"version-history":[{"count":4,"href":"https:\/\/dankuechenmondsee.at\/index.php?rest_route=\/wp\/v2\/pages\/564\/revisions"}],"predecessor-version":[{"id":4915,"href":"https:\/\/dankuechenmondsee.at\/index.php?rest_route=\/wp\/v2\/pages\/564\/revisions\/4915"}],"wp:attachment":[{"href":"https:\/\/dankuechenmondsee.at\/index.php?rest_route=%2Fwp%2Fv2%2Fmedia&parent=564"}],"curies":[{"name":"wp","href":"https:\/\/api.w.org\/{rel}","templated":true}]}}